{"id":10447,"date":"2024-02-06T11:51:27","date_gmt":"2024-02-06T11:51:27","guid":{"rendered":"https:\/\/codxhub.eu\/contactanos\/"},"modified":"2025-02-02T23:41:19","modified_gmt":"2025-02-02T23:41:19","slug":"contactanos","status":"publish","type":"page","link":"https:\/\/codxhub.eu\/es\/contactanos\/","title":{"rendered":"Cont\u00e1ctanos"},"content":{"rendered":"\t\t<div data-elementor-type=\"wp-page\" data-elementor-id=\"10447\" class=\"elementor elementor-10447 elementor-967\" data-elementor-post-type=\"page\">\n\t\t\t\t\t\t<section class=\"elementor-section elementor-top-section elementor-element elementor-element-0ff19cb elementor-section-boxed elementor-section-height-default elementor-section-height-default\" data-id=\"0ff19cb\" data-element_type=\"section\">\n\t\t\t\t\t\t<div class=\"elementor-container elementor-column-gap-no\">\n\t\t\t\t\t<div class=\"elementor-column elementor-col-100 elementor-top-column elementor-element elementor-element-3c5cf3d\" data-id=\"3c5cf3d\" data-element_type=\"column\">\n\t\t\t<div class=\"elementor-widget-wrap elementor-element-populated\">\n\t\t\t\t\t\t<div class=\"elementor-element elementor-element-dbcacbd elementor-widget elementor-widget-tragacontactinfo\" data-id=\"dbcacbd\" data-element_type=\"widget\" data-widget_type=\"tragacontactinfo.default\">\n\t\t\t\t<div class=\"elementor-widget-container\">\n\t\t\t<div class=\"row gy-4\"><div class=\"col-xl-4 col-md-6\"><div class=\"contact-info\"><div class=\"contact-info_icon\"><i class=\"fas fa-location-dot\"><\/i><\/div><div class=\"media-body\"><h4 class=\"box-title\">Nuestra Sede <\/h4><span class=\"contact-info_text\"><a href=\"https:\/\/maps.app.goo.gl\/5tCSQiBFeStGzPj57\">Tirana, Albania<\/a><\/span><\/div><\/div><\/div><div class=\"col-xl-4 col-md-6\"><div class=\"contact-info\"><div class=\"contact-info_icon\"><i class=\"fas fa-phone\"><\/i><\/div><div class=\"media-body\"><h4 class=\"box-title\">Ll\u00e1manos<\/h4><span class=\"contact-info_text\"><a href=\"tel:+355673602971\">+355 67 360 2971 <\/a><a href=\"tel:\"><\/a><\/span><\/div><\/div><\/div><div class=\"col-xl-4 col-md-6\"><div class=\"contact-info\"><div class=\"contact-info_icon\"><i class=\"fas fa-envelope\"><\/i><\/div><div class=\"media-body\"><h4 class=\"box-title\">Escrivinos un e-mail <\/h4><span class=\"contact-info_text\"><a href=\"mailto:\">info@codxhub.eu <\/a><a href=\"mailto:\"><\/a><\/span><\/div><\/div><\/div><\/div>\t\t<\/div>\n\t\t\t\t<\/div>\n\t\t\t\t\t<\/div>\n\t\t<\/div>\n\t\t\t\t\t<\/div>\n\t\t<\/section>\n\t\t\t\t<section class=\"elementor-section elementor-top-section elementor-element elementor-element-cbcf9c2 elementor-section-boxed elementor-section-height-default elementor-section-height-default\" data-id=\"cbcf9c2\" data-element_type=\"section\" data-settings=\"{&quot;background_background&quot;:&quot;classic&quot;}\">\n\t\t\t\t\t\t<div class=\"elementor-container elementor-column-gap-no\">\n\t\t\t\t\t<div class=\"elementor-column elementor-col-100 elementor-top-column elementor-element elementor-element-2192b9d\" data-id=\"2192b9d\" data-element_type=\"column\">\n\t\t\t<div class=\"elementor-widget-wrap elementor-element-populated\">\n\t\t\t\t\t\t<section class=\"elementor-section elementor-inner-section elementor-element elementor-element-4a12494 elementor-section-boxed elementor-section-height-default elementor-section-height-default\" data-id=\"4a12494\" data-element_type=\"section\">\n\t\t\t\t\t\t<div class=\"elementor-container elementor-column-gap-no\">\n\t\t\t\t\t<div class=\"elementor-column elementor-col-100 elementor-inner-column elementor-element elementor-element-ba80bda\" data-id=\"ba80bda\" data-element_type=\"column\">\n\t\t\t<div class=\"elementor-widget-wrap elementor-element-populated\">\n\t\t\t\t\t\t<div class=\"elementor-element elementor-element-7da31b1 elementor-widget elementor-widget-tragasectiontitle\" data-id=\"7da31b1\" data-element_type=\"widget\" data-widget_type=\"tragasectiontitle.default\">\n\t\t\t\t<div class=\"elementor-widget-container\">\n\t\t\t<div class=\"title-area-wrap\"><div class=\"title-area mb-35\" ><span class=\"sub-title subtitle-selector\"><img decoding=\"async\" src=\"https:\/\/codxhub.eu\/wp-content\/uploads\/2024\/02\/title_shape_2-1.svg\" alt=\"CodXHub\"  class=\"icon me-2\" \/>\u00a1ESCR\u00cdBENOS!<\/span><h2 class=\"sec-title title-selector\">Tienes alguna pregunta?<\/h2><\/div><p class=\"desc-selector mt-n2 mb-4\">We are here to support you with all your requests<\/p><\/div>\t\t<\/div>\n\t\t\t\t<\/div>\n\t\t\t\t\t<\/div>\n\t\t<\/div>\n\t\t\t\t\t<\/div>\n\t\t<\/section>\n\t\t\t\t<div class=\"elementor-element elementor-element-15507fc elementor-widget elementor-widget-shortcode\" data-id=\"15507fc\" data-element_type=\"widget\" data-widget_type=\"shortcode.default\">\n\t\t\t\t<div class=\"elementor-widget-container\">\n\t\t\t\t\t<div class=\"elementor-shortcode\">\n<div class=\"wpcf7 no-js\" id=\"wpcf7-f10541-o1\" lang=\"es-ES\" dir=\"ltr\" data-wpcf7-id=\"10541\">\n<div class=\"screen-reader-response\"><p role=\"status\" aria-live=\"polite\" aria-atomic=\"true\"><\/p> <ul><\/ul><\/div>\n<form action=\"\/es\/wp-json\/wp\/v2\/pages\/10447#wpcf7-f10541-o1\" method=\"post\" class=\"wpcf7-form init\" aria-label=\"Formulario de contacto\" novalidate=\"novalidate\" data-status=\"init\">\n<div style=\"display: none;\">\n<input type=\"hidden\" name=\"_wpcf7\" value=\"10541\" \/>\n<input type=\"hidden\" name=\"_wpcf7_version\" value=\"6.0.3\" \/>\n<input type=\"hidden\" name=\"_wpcf7_locale\" value=\"es_ES\" \/>\n<input type=\"hidden\" name=\"_wpcf7_unit_tag\" value=\"wpcf7-f10541-o1\" \/>\n<input type=\"hidden\" name=\"_wpcf7_container_post\" value=\"0\" \/>\n<input type=\"hidden\" name=\"_wpcf7_posted_data_hash\" value=\"\" \/>\n<\/div>\n<label>Nombre<\/label>\n<span class=\"wpcf7-form-control-wrap\" data-name=\"name-1\"><input size=\"40\" maxlength=\"400\" class=\"wpcf7-form-control wpcf7-text wpcf7-validates-as-required\" aria-required=\"true\" aria-invalid=\"false\" value=\"\" type=\"text\" name=\"name-1\" \/><\/span>\n\n<label>Email<\/label>\n<span class=\"wpcf7-form-control-wrap\" data-name=\"email\"><input size=\"40\" maxlength=\"400\" class=\"wpcf7-form-control wpcf7-email wpcf7-validates-as-required wpcf7-text wpcf7-validates-as-email\" aria-required=\"true\" aria-invalid=\"false\" value=\"\" type=\"email\" name=\"email\" \/><\/span>\n\n<label for=\"phone\">Tel\u00e9fono<\/label>\n<span class=\"wpcf7-form-control-wrap\" data-name=\"tel\"><input size=\"40\" maxlength=\"400\" class=\"wpcf7-form-control wpcf7-tel wpcf7-validates-as-required wpcf7-text wpcf7-validates-as-tel\" aria-required=\"true\" aria-invalid=\"false\" value=\"\" type=\"tel\" name=\"tel\" \/><\/span>\n\n<label for=\"your-role\">Tu rol<\/label>\n<span class=\"wpcf7-form-control-wrap\" data-name=\"your-role\"><select class=\"wpcf7-form-control wpcf7-select wpcf7-validates-as-required\" aria-required=\"true\" aria-invalid=\"false\" name=\"your-role\"><option value=\"\">&#8212;Por favor, elige una opci\u00f3n&#8212;<\/option><option value=\"CEO\">CEO<\/option><option value=\"Marketer\">Marketer<\/option><option value=\"Product Manager\">Product Manager<\/option><option value=\"Programmer\">Programmer<\/option><option value=\"Other\">Other<\/option><\/select><\/span>\n\n<label for=\"your-subject\">Objeto<\/label>\n<span class=\"wpcf7-form-control-wrap\" data-name=\"subject\"><input size=\"40\" maxlength=\"400\" class=\"wpcf7-form-control wpcf7-text wpcf7-validates-as-required\" aria-required=\"true\" aria-invalid=\"false\" value=\"\" type=\"text\" name=\"subject\" \/><\/span>\n\n<label for=\"your-message\">Mensaje<\/label>\n<span class=\"wpcf7-form-control-wrap\" data-name=\"textarea\"><textarea cols=\"40\" rows=\"10\" maxlength=\"2000\" class=\"wpcf7-form-control wpcf7-textarea\" aria-invalid=\"false\" name=\"textarea\"><\/textarea><\/span>\n\n<div style=\"width:13%; float:left;\"><span class=\"wpcf7-form-control-wrap\" data-name=\"termini\"><span class=\"wpcf7-form-control wpcf7-acceptance\"><span class=\"wpcf7-list-item\"><input type=\"checkbox\" name=\"termini\" value=\"1\" aria-invalid=\"false\" \/><\/span><\/span><\/span><\/div>\n<div style=\"width:87%; float:right;\"> \n  By checking this box, you acknowledge that you have read and agree to our \n  <a href=\"https:\/\/codxhub.eu\/privacy-policy\/\" target=\"_blank\">Privacy Policy<\/a> \n  on the processing of personal data.*\n<\/div>\n<div style=\"text-align: center;color:#FFF;\"><input class=\"wpcf7-form-control wpcf7-submit has-spinner\" type=\"submit\" value=\"Enviar\" \/><\/div><div class=\"wpcf7-response-output\" aria-hidden=\"true\"><\/div>\n<\/form>\n<\/div>\n<\/div>\n\t\t\t\t<\/div>\n\t\t\t\t<\/div>\n\t\t\t\t\t<\/div>\n\t\t<\/div>\n\t\t\t\t\t<\/div>\n\t\t<\/section>\n\t\t\t\t<\/div>\n\t\t","protected":false},"excerpt":{"rendered":"<p>Nuestra Sede Tirana, Albania Ll\u00e1manos +355 67 360 2971 Escrivinos un e-mail info@codxhub.eu \u00a1ESCR\u00cdBENOS! Tienes alguna pregunta? We are here to support you with all your requests<\/p>\n","protected":false},"author":1,"featured_media":0,"parent":0,"menu_order":0,"comment_status":"closed","ping_status":"closed","template":"","meta":{"footnotes":""},"class_list":["post-10447","page","type-page","status-publish","hentry","page--item"],"yoast_head":"<!-- This site is optimized with the Yoast SEO plugin v23.3 - https:\/\/yoast.com\/wordpress\/plugins\/seo\/ -->\n<title>Cont\u00e1ctanos - CodXHub<\/title>\n<meta name=\"description\" content=\"Estamos aqu\u00ed para ayudarte con cualquier consulta o solicitud que puedas tener. No dudes en comunicarte con nosotros por tel\u00e9fono o redes sociales.\" \/>\n<meta name=\"robots\" content=\"index, follow, max-snippet:-1, max-image-preview:large, max-video-preview:-1\" \/>\n<link rel=\"canonical\" href=\"https:\/\/codxhub.eu\/es\/contactanos\/\" \/>\n<meta property=\"og:locale\" content=\"es_ES\" \/>\n<meta property=\"og:type\" content=\"article\" \/>\n<meta property=\"og:title\" content=\"Cont\u00e1ctanos - CodXHub\" \/>\n<meta property=\"og:description\" content=\"Estamos aqu\u00ed para ayudarte con cualquier consulta o solicitud que puedas tener. No dudes en comunicarte con nosotros por tel\u00e9fono o redes sociales.\" \/>\n<meta property=\"og:url\" content=\"https:\/\/codxhub.eu\/es\/contactanos\/\" \/>\n<meta property=\"og:site_name\" content=\"CodXHub\" \/>\n<meta property=\"article:modified_time\" content=\"2025-02-02T23:41:19+00:00\" \/>\n<meta property=\"og:image\" content=\"https:\/\/codxhub.eu\/wp-content\/uploads\/2024\/02\/title_shape_2-1.svg\" \/>\n<meta name=\"twitter:card\" content=\"summary_large_image\" \/>\n<meta name=\"twitter:label1\" content=\"Tiempo de lectura\" \/>\n\t<meta name=\"twitter:data1\" content=\"1 minuto\" \/>\n<script type=\"application\/ld+json\" class=\"yoast-schema-graph\">{\"@context\":\"https:\/\/schema.org\",\"@graph\":[{\"@type\":\"WebPage\",\"@id\":\"https:\/\/codxhub.eu\/es\/contactanos\/\",\"url\":\"https:\/\/codxhub.eu\/es\/contactanos\/\",\"name\":\"Cont\u00e1ctanos - CodXHub\",\"isPartOf\":{\"@id\":\"https:\/\/codxhub.eu\/es\/#website\"},\"primaryImageOfPage\":{\"@id\":\"https:\/\/codxhub.eu\/es\/contactanos\/#primaryimage\"},\"image\":{\"@id\":\"https:\/\/codxhub.eu\/es\/contactanos\/#primaryimage\"},\"thumbnailUrl\":\"https:\/\/codxhub.eu\/wp-content\/uploads\/2024\/02\/title_shape_2-1.svg\",\"datePublished\":\"2024-02-06T11:51:27+00:00\",\"dateModified\":\"2025-02-02T23:41:19+00:00\",\"description\":\"Estamos aqu\u00ed para ayudarte con cualquier consulta o solicitud que puedas tener. No dudes en comunicarte con nosotros por tel\u00e9fono o redes sociales.\",\"breadcrumb\":{\"@id\":\"https:\/\/codxhub.eu\/es\/contactanos\/#breadcrumb\"},\"inLanguage\":\"es\",\"potentialAction\":[{\"@type\":\"ReadAction\",\"target\":[\"https:\/\/codxhub.eu\/es\/contactanos\/\"]}]},{\"@type\":\"ImageObject\",\"inLanguage\":\"es\",\"@id\":\"https:\/\/codxhub.eu\/es\/contactanos\/#primaryimage\",\"url\":\"https:\/\/codxhub.eu\/wp-content\/uploads\/2024\/02\/title_shape_2-1.svg\",\"contentUrl\":\"https:\/\/codxhub.eu\/wp-content\/uploads\/2024\/02\/title_shape_2-1.svg\"},{\"@type\":\"BreadcrumbList\",\"@id\":\"https:\/\/codxhub.eu\/es\/contactanos\/#breadcrumb\",\"itemListElement\":[{\"@type\":\"ListItem\",\"position\":1,\"name\":\"Home\",\"item\":\"https:\/\/codxhub.eu\/es\/\"},{\"@type\":\"ListItem\",\"position\":2,\"name\":\"Cont\u00e1ctanos\"}]},{\"@type\":\"WebSite\",\"@id\":\"https:\/\/codxhub.eu\/es\/#website\",\"url\":\"https:\/\/codxhub.eu\/es\/\",\"name\":\"Cod x Hub\",\"description\":\"Development, Management, and Marketing &amp; Communication\",\"publisher\":{\"@id\":\"https:\/\/codxhub.eu\/es\/#organization\"},\"potentialAction\":[{\"@type\":\"SearchAction\",\"target\":{\"@type\":\"EntryPoint\",\"urlTemplate\":\"https:\/\/codxhub.eu\/es\/?s={search_term_string}\"},\"query-input\":\"required name=search_term_string\"}],\"inLanguage\":\"es\"},{\"@type\":\"Organization\",\"@id\":\"https:\/\/codxhub.eu\/es\/#organization\",\"name\":\"Cod x Hub\",\"url\":\"https:\/\/codxhub.eu\/es\/\",\"logo\":{\"@type\":\"ImageObject\",\"inLanguage\":\"es\",\"@id\":\"https:\/\/codxhub.eu\/es\/#\/schema\/logo\/image\/\",\"url\":\"https:\/\/codxhub.eu\/wp-content\/uploads\/2024\/10\/logo-x-grey.png\",\"contentUrl\":\"https:\/\/codxhub.eu\/wp-content\/uploads\/2024\/10\/logo-x-grey.png\",\"width\":144,\"height\":160,\"caption\":\"Cod x Hub\"},\"image\":{\"@id\":\"https:\/\/codxhub.eu\/es\/#\/schema\/logo\/image\/\"},\"sameAs\":[\"https:\/\/www.linkedin.com\/company\/codx-hub-solutions\/\"]}]}<\/script>\n<!-- \/ Yoast SEO plugin. -->","yoast_head_json":{"title":"Cont\u00e1ctanos - CodXHub","description":"Estamos aqu\u00ed para ayudarte con cualquier consulta o solicitud que puedas tener. No dudes en comunicarte con nosotros por tel\u00e9fono o redes sociales.","robots":{"index":"index","follow":"follow","max-snippet":"max-snippet:-1","max-image-preview":"max-image-preview:large","max-video-preview":"max-video-preview:-1"},"canonical":"https:\/\/codxhub.eu\/es\/contactanos\/","og_locale":"es_ES","og_type":"article","og_title":"Cont\u00e1ctanos - CodXHub","og_description":"Estamos aqu\u00ed para ayudarte con cualquier consulta o solicitud que puedas tener. No dudes en comunicarte con nosotros por tel\u00e9fono o redes sociales.","og_url":"https:\/\/codxhub.eu\/es\/contactanos\/","og_site_name":"CodXHub","article_modified_time":"2025-02-02T23:41:19+00:00","og_image":[{"url":"https:\/\/codxhub.eu\/wp-content\/uploads\/2024\/02\/title_shape_2-1.svg"}],"twitter_card":"summary_large_image","twitter_misc":{"Tiempo de lectura":"1 minuto"},"schema":{"@context":"https:\/\/schema.org","@graph":[{"@type":"WebPage","@id":"https:\/\/codxhub.eu\/es\/contactanos\/","url":"https:\/\/codxhub.eu\/es\/contactanos\/","name":"Cont\u00e1ctanos - CodXHub","isPartOf":{"@id":"https:\/\/codxhub.eu\/es\/#website"},"primaryImageOfPage":{"@id":"https:\/\/codxhub.eu\/es\/contactanos\/#primaryimage"},"image":{"@id":"https:\/\/codxhub.eu\/es\/contactanos\/#primaryimage"},"thumbnailUrl":"https:\/\/codxhub.eu\/wp-content\/uploads\/2024\/02\/title_shape_2-1.svg","datePublished":"2024-02-06T11:51:27+00:00","dateModified":"2025-02-02T23:41:19+00:00","description":"Estamos aqu\u00ed para ayudarte con cualquier consulta o solicitud que puedas tener. No dudes en comunicarte con nosotros por tel\u00e9fono o redes sociales.","breadcrumb":{"@id":"https:\/\/codxhub.eu\/es\/contactanos\/#breadcrumb"},"inLanguage":"es","potentialAction":[{"@type":"ReadAction","target":["https:\/\/codxhub.eu\/es\/contactanos\/"]}]},{"@type":"ImageObject","inLanguage":"es","@id":"https:\/\/codxhub.eu\/es\/contactanos\/#primaryimage","url":"https:\/\/codxhub.eu\/wp-content\/uploads\/2024\/02\/title_shape_2-1.svg","contentUrl":"https:\/\/codxhub.eu\/wp-content\/uploads\/2024\/02\/title_shape_2-1.svg"},{"@type":"BreadcrumbList","@id":"https:\/\/codxhub.eu\/es\/contactanos\/#breadcrumb","itemListElement":[{"@type":"ListItem","position":1,"name":"Home","item":"https:\/\/codxhub.eu\/es\/"},{"@type":"ListItem","position":2,"name":"Cont\u00e1ctanos"}]},{"@type":"WebSite","@id":"https:\/\/codxhub.eu\/es\/#website","url":"https:\/\/codxhub.eu\/es\/","name":"Cod x Hub","description":"Development, Management, and Marketing &amp; Communication","publisher":{"@id":"https:\/\/codxhub.eu\/es\/#organization"},"potentialAction":[{"@type":"SearchAction","target":{"@type":"EntryPoint","urlTemplate":"https:\/\/codxhub.eu\/es\/?s={search_term_string}"},"query-input":"required name=search_term_string"}],"inLanguage":"es"},{"@type":"Organization","@id":"https:\/\/codxhub.eu\/es\/#organization","name":"Cod x Hub","url":"https:\/\/codxhub.eu\/es\/","logo":{"@type":"ImageObject","inLanguage":"es","@id":"https:\/\/codxhub.eu\/es\/#\/schema\/logo\/image\/","url":"https:\/\/codxhub.eu\/wp-content\/uploads\/2024\/10\/logo-x-grey.png","contentUrl":"https:\/\/codxhub.eu\/wp-content\/uploads\/2024\/10\/logo-x-grey.png","width":144,"height":160,"caption":"Cod x Hub"},"image":{"@id":"https:\/\/codxhub.eu\/es\/#\/schema\/logo\/image\/"},"sameAs":["https:\/\/www.linkedin.com\/company\/codx-hub-solutions\/"]}]}},"jetpack_sharing_enabled":true,"_links":{"self":[{"href":"https:\/\/codxhub.eu\/es\/wp-json\/wp\/v2\/pages\/10447"}],"collection":[{"href":"https:\/\/codxhub.eu\/es\/wp-json\/wp\/v2\/pages"}],"about":[{"href":"https:\/\/codxhub.eu\/es\/wp-json\/wp\/v2\/types\/page"}],"author":[{"embeddable":true,"href":"https:\/\/codxhub.eu\/es\/wp-json\/wp\/v2\/users\/1"}],"replies":[{"embeddable":true,"href":"https:\/\/codxhub.eu\/es\/wp-json\/wp\/v2\/comments?post=10447"}],"version-history":[{"count":4,"href":"https:\/\/codxhub.eu\/es\/wp-json\/wp\/v2\/pages\/10447\/revisions"}],"predecessor-version":[{"id":10594,"href":"https:\/\/codxhub.eu\/es\/wp-json\/wp\/v2\/pages\/10447\/revisions\/10594"}],"wp:attachment":[{"href":"https:\/\/codxhub.eu\/es\/wp-json\/wp\/v2\/media?parent=10447"}],"curies":[{"name":"wp","href":"https:\/\/api.w.org\/{rel}","templated":true}]}}