{"id":10453,"date":"2024-02-04T09:09:26","date_gmt":"2024-02-04T09:09:26","guid":{"rendered":"https:\/\/codxhub.eu\/servicios\/"},"modified":"2025-02-04T00:17:56","modified_gmt":"2025-02-04T00:17:56","slug":"servicios","status":"publish","type":"page","link":"https:\/\/codxhub.eu\/es\/servicios\/","title":{"rendered":"Servicios"},"content":{"rendered":"\t\t<div data-elementor-type=\"wp-page\" data-elementor-id=\"10453\" class=\"elementor elementor-10453 elementor-527\" data-elementor-post-type=\"page\">\n\t\t\t\t\t\t<section class=\"elementor-section elementor-top-section elementor-element elementor-element-1967ce0e elementor-section-boxed elementor-section-height-default elementor-section-height-default\" data-id=\"1967ce0e\" data-element_type=\"section\" data-settings=\"{&quot;background_background&quot;:&quot;classic&quot;}\">\n\t\t\t\t\t\t<div class=\"elementor-container elementor-column-gap-default\">\n\t\t\t\t\t<div class=\"elementor-column elementor-col-100 elementor-top-column elementor-element elementor-element-db33808\" data-id=\"db33808\" data-element_type=\"column\">\n\t\t\t<div class=\"elementor-widget-wrap elementor-element-populated\">\n\t\t\t\t\t\t<div class=\"elementor-element elementor-element-bdbb2bf elementor-widget elementor-widget-tragasectiontitle\" data-id=\"bdbb2bf\" data-element_type=\"widget\" data-widget_type=\"tragasectiontitle.default\">\n\t\t\t\t<div class=\"elementor-widget-container\">\n\t\t\t<div class=\"title-area-wrap\"><div class=\"title-area mb-35\" ><div class=\"shadow-title\">Services<\/div><span class=\"sub-title subtitle-selector\"><img decoding=\"async\" src=\"https:\/\/codxhub.eu\/wp-content\/uploads\/2024\/02\/service_box_4-1.svg\" alt=\"CodXHub\"  class=\"icon me-2\" \/>SERVICIOS<\/span><h2 class=\"sec-title title-selector\">Que <span class=\"text-theme\">hacemos<\/span><\/h2><\/div><p class=\"desc-selector mt-n2 mb-4\">Nuestro objetivo es proporcionarte soluciones innovadoras a medida para optimizar tus procesos de negocio, acelerar tu crecimiento y garantizar resultados reales y duraderos.<\/p><\/div>\t\t<\/div>\n\t\t\t\t<\/div>\n\t\t\t\t<div class=\"elementor-element elementor-element-6e9eb81 elementor-widget elementor-widget-tragaservice\" data-id=\"6e9eb81\" data-element_type=\"widget\" data-widget_type=\"tragaservice.default\">\n\t\t\t\t<div class=\"elementor-widget-container\">\n\t\t\t\r\n\t\t\t<div class=\"service-style2\">\r\n\t\t\t\t<div class=\"row gy-4\">\r\n\t\t\t\t\t\t\t\t\t\t\t<div class=\"col-md-6 col-xl-4\">\r\n\t\t\t\t\t\t\t<div class=\"service-card elementor-box\">\r\n\t\t\t\t\t\t\t\t<div class=\"service-card_number\">01<\/div>\r\n\t\t\t\t\t\t\t\t\t\t\t\t\t\t\t\t\t<div class=\"shape-icon\">\r\n\t\t\t\t\t\t\t\t\t\t<img decoding=\"async\" src=\"https:\/\/codxhub.eu\/wp-content\/uploads\/2024\/11\/service_card_1.svg\" alt=\"CodXHub\"  \/>\t\t\t\t\t\t\t\t\t\t<span class=\"dots\"><\/span>\r\n\t\t\t\t\t\t\t\t\t<\/div>\r\n\t\t\t\t\t\t\t\t\t\t\t\t\t\t\t\t\t\t\t\t\t\t\t\t\t<h3 class=\"box-title\"><a href=\"https:\/\/codxhub.eu\/es\/desarrollo-software-app-e-web\/\">Desarrollo Software, App y Web<\/a><\/h3>\r\n\t\t\t\t\t\t\t\t\t\t\t\t\t\t\t\t\t\t\t\t\t\t\t\t\t<p class=\"service-card_text\">Potencia tu equipo de desarrollo IT con profesionales calificados o deja en nuestras manos el desarrollo de software, apps y p\u00e1ginas web.<\/p>\r\n\t\t\t\t\t\t\t\t\t\t\t\t\t\t\t\t<a href=\"https:\/\/codxhub.eu\/es\/desarrollo-software-app-e-web\/\" class=\"th-btn\">Leer M\u00e1s<i class=\"fa-regular fa-arrow-right ms-2\"><\/i><\/a>\r\n\t\t\t\t\t\t\t\t\t\t\t\t\t\t\t\t\t<div class=\"bg-shape\">\r\n\t\t\t\t\t\t\t\t\t\t<img decoding=\"async\" src=\"https:\/\/codxhub.eu\/wp-content\/uploads\/2025\/02\/service_card_bg.webp\" alt=\"CodXHub\"  \/>\t\t\t\t\t\t\t\t\t<\/div>\r\n\t\t\t\t\t\t\t\t\t\t\t\t\t\t\t<\/div>\r\n\t\t\t\t\t\t<\/div>\r\n\t\t\t\t\t\t\t\t\t\t\t<div class=\"col-md-6 col-xl-4\">\r\n\t\t\t\t\t\t\t<div class=\"service-card elementor-box\">\r\n\t\t\t\t\t\t\t\t<div class=\"service-card_number\">02<\/div>\r\n\t\t\t\t\t\t\t\t\t\t\t\t\t\t\t\t\t<div class=\"shape-icon\">\r\n\t\t\t\t\t\t\t\t\t\t<img decoding=\"async\" src=\"https:\/\/codxhub.eu\/wp-content\/uploads\/2024\/11\/service_card_2.svg\" alt=\"CodXHub\"  \/>\t\t\t\t\t\t\t\t\t\t<span class=\"dots\"><\/span>\r\n\t\t\t\t\t\t\t\t\t<\/div>\r\n\t\t\t\t\t\t\t\t\t\t\t\t\t\t\t\t\t\t\t\t\t\t\t\t\t<h3 class=\"box-title\"><a href=\"https:\/\/codxhub.eu\/es\/consultoria\/\">Consultor\u00eda Inform\u00e1tica<\/a><\/h3>\r\n\t\t\t\t\t\t\t\t\t\t\t\t\t\t\t\t\t\t\t\t\t\t\t\t\t<p class=\"service-card_text\">Apoyamos la evoluci\u00f3n digital de tu empresa con el soporte t\u00e9cnico y estrat\u00e9gico de nuestro equipo de expertos.<\/p>\r\n\t\t\t\t\t\t\t\t\t\t\t\t\t\t\t\t<a href=\"https:\/\/codxhub.eu\/es\/consultoria\/\" class=\"th-btn\">Leer M\u00e1s<i class=\"fa-regular fa-arrow-right ms-2\"><\/i><\/a>\r\n\t\t\t\t\t\t\t\t\t\t\t\t\t\t\t\t\t<div class=\"bg-shape\">\r\n\t\t\t\t\t\t\t\t\t\t<img decoding=\"async\" src=\"https:\/\/codxhub.eu\/wp-content\/uploads\/2025\/02\/service_card_bg.webp\" alt=\"CodXHub\"  \/>\t\t\t\t\t\t\t\t\t<\/div>\r\n\t\t\t\t\t\t\t\t\t\t\t\t\t\t\t<\/div>\r\n\t\t\t\t\t\t<\/div>\r\n\t\t\t\t\t\t\t\t\t\t\t<div class=\"col-md-6 col-xl-4\">\r\n\t\t\t\t\t\t\t<div class=\"service-card elementor-box\">\r\n\t\t\t\t\t\t\t\t<div class=\"service-card_number\">03<\/div>\r\n\t\t\t\t\t\t\t\t\t\t\t\t\t\t\t\t\t<div class=\"shape-icon\">\r\n\t\t\t\t\t\t\t\t\t\t<img decoding=\"async\" src=\"https:\/\/codxhub.eu\/wp-content\/uploads\/2024\/11\/service_card_3.svg\" alt=\"CodXHub\"  \/>\t\t\t\t\t\t\t\t\t\t<span class=\"dots\"><\/span>\r\n\t\t\t\t\t\t\t\t\t<\/div>\r\n\t\t\t\t\t\t\t\t\t\t\t\t\t\t\t\t\t\t\t\t\t\t\t\t\t<h3 class=\"box-title\"><a href=\"https:\/\/codxhub.eu\/es\/marketing-comunicacion\/\">Marketing &amp; Comunicaci\u00f3n<\/a><\/h3>\r\n\t\t\t\t\t\t\t\t\t\t\t\t\t\t\t\t\t\t\t\t\t\t\t\t\t<p class=\"service-card_text\">Mejora tu rendimiento a trav\u00e9s de estrategias de marketing y comunicaci\u00f3n empresarial, optimizaci\u00f3n del SEO\/SEM y gesti\u00f3n de la identidad de tu marca.<\/p>\r\n\t\t\t\t\t\t\t\t\t\t\t\t\t\t\t\t<a href=\"https:\/\/codxhub.eu\/es\/marketing-comunicacion\/\" class=\"th-btn\">Leer M\u00e1s<i class=\"fa-regular fa-arrow-right ms-2\"><\/i><\/a>\r\n\t\t\t\t\t\t\t\t\t\t\t\t\t\t\t\t\t<div class=\"bg-shape\">\r\n\t\t\t\t\t\t\t\t\t\t<img decoding=\"async\" src=\"https:\/\/codxhub.eu\/wp-content\/uploads\/2025\/02\/service_card_bg.webp\" alt=\"CodXHub\"  \/>\t\t\t\t\t\t\t\t\t<\/div>\r\n\t\t\t\t\t\t\t\t\t\t\t\t\t\t\t<\/div>\r\n\t\t\t\t\t\t<\/div>\r\n\t\t\t\t\t\t\t\t\t<\/div>\r\n\t\t\t<\/div>\r\n\r\n        \r\n    \t\t\t<\/div>\n\t\t\t\t<\/div>\n\t\t\t\t\t<\/div>\n\t\t<\/div>\n\t\t\t\t\t<\/div>\n\t\t<\/section>\n\t\t\t\t<section class=\"elementor-section elementor-top-section elementor-element elementor-element-774b64e8 elementor-section-boxed elementor-section-height-default elementor-section-height-default\" data-id=\"774b64e8\" data-element_type=\"section\" data-settings=\"{&quot;background_background&quot;:&quot;classic&quot;}\">\n\t\t\t\t\t\t<div class=\"elementor-container elementor-column-gap-default\">\n\t\t\t\t\t<div class=\"elementor-column elementor-col-100 elementor-top-column elementor-element elementor-element-3d6d25a9\" data-id=\"3d6d25a9\" data-element_type=\"column\">\n\t\t\t<div class=\"elementor-widget-wrap elementor-element-populated\">\n\t\t\t\t\t\t<div class=\"elementor-element elementor-element-540bed30 elementor-widget__width-initial ms-auto me-auto elementor-widget elementor-widget-tragasectiontitle\" data-id=\"540bed30\" data-element_type=\"widget\" data-widget_type=\"tragasectiontitle.default\">\n\t\t\t\t<div class=\"elementor-widget-container\">\n\t\t\t<div class=\"title-area-wrap\"><div class=\"title-area\" ><span class=\"sub-title subtitle-selector\"><img decoding=\"async\" src=\"https:\/\/codxhub.eu\/wp-content\/uploads\/2024\/02\/title_shape_2-1.svg\" alt=\"CodXHub\"  class=\"icon me-2\" \/>Cont\u00e1ctanos<\/span><h2 class=\"sec-title title-selector\">Buscas soluciones IT para <span class=\"text-theme fw-normal\">mejorar tu rendimiento?<\/span><\/h2><\/div><\/div>\t\t<\/div>\n\t\t\t\t<\/div>\n\t\t\t\t<div class=\"elementor-element elementor-element-188a2d9 elementor-widget elementor-widget-webteckbutton\" data-id=\"188a2d9\" data-element_type=\"widget\" data-widget_type=\"webteckbutton.default\">\n\t\t\t\t<div class=\"elementor-widget-container\">\n\t\t\t<!-- Button --><div class=\"btn-wrapper center\"><a class=\"th-btn style6 style-radius\" href=\"https:\/\/codxhub.eu\/es\/contactanos\/\">Cont\u00e1ctanos<i class=\"far fa-arrow-right ms-2\"><\/i><\/a><\/div><!-- End Button -->\t\t<\/div>\n\t\t\t\t<\/div>\n\t\t\t\t\t<\/div>\n\t\t<\/div>\n\t\t\t\t\t<\/div>\n\t\t<\/section>\n\t\t\t\t<section class=\"elementor-section elementor-top-section elementor-element elementor-element-7783af7f elementor-section-boxed elementor-section-height-default elementor-section-height-default\" data-id=\"7783af7f\" data-element_type=\"section\" data-settings=\"{&quot;background_background&quot;:&quot;classic&quot;}\">\n\t\t\t\t\t\t<div class=\"elementor-container elementor-column-gap-no\">\n\t\t\t\t\t<div class=\"elementor-column elementor-col-100 elementor-top-column elementor-element elementor-element-3ad4bde\" data-id=\"3ad4bde\" data-element_type=\"column\">\n\t\t\t<div class=\"elementor-widget-wrap elementor-element-populated\">\n\t\t\t\t\t\t<section class=\"elementor-section elementor-inner-section elementor-element elementor-element-6aecbadb elementor-section-boxed elementor-section-height-default elementor-section-height-default\" data-id=\"6aecbadb\" data-element_type=\"section\">\n\t\t\t\t\t\t<div class=\"elementor-container elementor-column-gap-no\">\n\t\t\t\t\t<div class=\"elementor-column elementor-col-100 elementor-inner-column elementor-element elementor-element-16d9eda4\" data-id=\"16d9eda4\" data-element_type=\"column\">\n\t\t\t<div class=\"elementor-widget-wrap elementor-element-populated\">\n\t\t\t\t\t\t<div class=\"elementor-element elementor-element-5d8293ac elementor-widget elementor-widget-tragasectiontitle\" data-id=\"5d8293ac\" data-element_type=\"widget\" data-widget_type=\"tragasectiontitle.default\">\n\t\t\t\t<div class=\"elementor-widget-container\">\n\t\t\t<div class=\"title-area-wrap\"><div class=\"title-area\" ><div class=\"shadow-title\"> EL PROCESO<\/div><span class=\"sub-title subtitle-selector\"><img decoding=\"async\" src=\"https:\/\/codxhub.eu\/wp-content\/uploads\/2024\/02\/title_shape_2-1.svg\" alt=\"CodXHub\"  class=\"icon me-2\" \/>Proceso de Trabajo<\/span><h2 class=\"sec-title title-selector\">C\u00f3mo  <span class=\"text-theme\">Trabajamos!<\/span><\/h2><\/div><\/div>\t\t<\/div>\n\t\t\t\t<\/div>\n\t\t\t\t<div class=\"elementor-element elementor-element-6a7e1f55 elementor-widget elementor-widget-tragaprocess\" data-id=\"6a7e1f55\" data-element_type=\"widget\" data-widget_type=\"tragaprocess.default\">\n\t\t\t\t<div class=\"elementor-widget-container\">\n\t\t\t<div class=\"process-card-area\"><div class=\"process-line\"><img decoding=\"async\" src=\"https:\/\/codxhub.eu\/wp-content\/uploads\/2024\/02\/process_line-1-1.svg\" alt=\"CodXHub\"  \/><\/div><div class=\"row gy-40\"><div class=\"col-sm-6 col-xl-3 process-card-wrap\"><div class=\"process-card\"><div class=\"process-card_number\">01<\/div><div class=\"process-card_icon\"><img decoding=\"async\" src=\"https:\/\/codxhub.eu\/wp-content\/uploads\/2024\/02\/process_card_1-1.svg\" alt=\"CodXHub\"  \/><\/div><h3 class=\"box-title\">Definici\u00f3n de los objetivos<\/h3><p class=\"process-card_text\">Identificamos juntos tus necesidades empresariales en desarrollo IT, consultor\u00eda o marketing para definir los objetivos del proyecto.<\/p><\/div><\/div><div class=\"col-sm-6 col-xl-3 process-card-wrap\"><div class=\"process-card\"><div class=\"process-card_number\">02<\/div><div class=\"process-card_icon\"><img decoding=\"async\" src=\"https:\/\/codxhub.eu\/wp-content\/uploads\/2024\/02\/process_card_2-1.svg\" alt=\"CodXHub\"  \/><\/div><h3 class=\"box-title\">An\u00e1lisis del Proyecto<\/h3><p class=\"process-card_text\">Evaluamos tus necesidades espec\u00edficas en detalle para elaborar una estrategia a medida y determinar el mejor enfoque para abordarlas.<\/p><\/div><\/div><div class=\"col-sm-6 col-xl-3 process-card-wrap\"><div class=\"process-card\"><div class=\"process-card_number\">03<\/div><div class=\"process-card_icon\"><img decoding=\"async\" src=\"https:\/\/codxhub.eu\/wp-content\/uploads\/2024\/02\/process_card_3-1.svg\" alt=\"CodXHub\"  \/><\/div><h3 class=\"box-title\">Plan &amp; Ejecuci\u00f3n<\/h3><p class=\"process-card_text\">on nuestros expertos, elaboramos un plan de acci\u00f3n detallado para ayudarte a proyectar de manera clara y eficaz las soluciones IT.<\/p><\/div><\/div><div class=\"col-sm-6 col-xl-3 process-card-wrap\"><div class=\"process-card\"><div class=\"process-card_number\">04<\/div><div class=\"process-card_icon\"><img decoding=\"async\" src=\"https:\/\/codxhub.eu\/wp-content\/uploads\/2024\/02\/process_card_4-1.svg\" alt=\"CodXHub\"  \/><\/div><h3 class=\"box-title\">Monitoreo de Resultados<\/h3><p class=\"process-card_text\">Ponemos a prueba nuestras soluciones consistentemente durante toda la fase de desarrollo del proyecto para ofrecer un apoyo continuo y garantizar el \u00e9xito de la misma.<\/p><\/div><\/div><\/div><\/div>\t\t<\/div>\n\t\t\t\t<\/div>\n\t\t\t\t\t<\/div>\n\t\t<\/div>\n\t\t\t\t\t<\/div>\n\t\t<\/section>\n\t\t\t\t\t<\/div>\n\t\t<\/div>\n\t\t\t\t\t<\/div>\n\t\t<\/section>\n\t\t\t\t<\/div>\n\t\t","protected":false},"excerpt":{"rendered":"<p>ServicesSERVICIOS Que hacemos Nuestro objetivo es proporcionarte soluciones innovadoras a medida para optimizar tus procesos de negocio, acelerar tu crecimiento y garantizar resultados reales y duraderos. 01 Desarrollo Software, App y Web Potencia tu equipo de desarrollo IT con profesionales calificados o deja en nuestras manos el desarrollo de software, apps y p\u00e1ginas web. Leer&#8230;<\/p>\n","protected":false},"author":1,"featured_media":0,"parent":0,"menu_order":0,"comment_status":"closed","ping_status":"closed","template":"template-builder.php","meta":{"footnotes":""},"class_list":["post-10453","page","type-page","status-publish","hentry","page--item"],"yoast_head":"<!-- This site is optimized with the Yoast SEO plugin v23.3 - https:\/\/yoast.com\/wordpress\/plugins\/seo\/ -->\n<title>Servicios - CodXHub<\/title>\n<meta name=\"description\" content=\"Nuestro objetivo es proporcionarte soluciones innovadoras a medida para optimizar tus procesos de negocio, acelerar tu crecimiento y garantizar resultados reales y duraderos.\" \/>\n<meta name=\"robots\" content=\"index, follow, max-snippet:-1, max-image-preview:large, max-video-preview:-1\" \/>\n<link rel=\"canonical\" href=\"https:\/\/codxhub.eu\/es\/servicios\/\" \/>\n<meta property=\"og:locale\" content=\"es_ES\" \/>\n<meta property=\"og:type\" content=\"article\" \/>\n<meta property=\"og:title\" content=\"Servicios - CodXHub\" \/>\n<meta property=\"og:description\" content=\"Nuestro objetivo es proporcionarte soluciones innovadoras a medida para optimizar tus procesos de negocio, acelerar tu crecimiento y garantizar resultados reales y duraderos.\" \/>\n<meta property=\"og:url\" content=\"https:\/\/codxhub.eu\/es\/servicios\/\" \/>\n<meta property=\"og:site_name\" content=\"CodXHub\" \/>\n<meta property=\"article:modified_time\" content=\"2025-02-04T00:17:56+00:00\" \/>\n<meta property=\"og:image\" content=\"https:\/\/codxhub.eu\/wp-content\/uploads\/2024\/02\/service_box_4-1.svg\" \/>\n<meta name=\"twitter:card\" content=\"summary_large_image\" \/>\n<meta name=\"twitter:label1\" content=\"Tiempo de lectura\" \/>\n\t<meta name=\"twitter:data1\" content=\"4 minutos\" \/>\n<script type=\"application\/ld+json\" class=\"yoast-schema-graph\">{\"@context\":\"https:\/\/schema.org\",\"@graph\":[{\"@type\":\"WebPage\",\"@id\":\"https:\/\/codxhub.eu\/es\/servicios\/\",\"url\":\"https:\/\/codxhub.eu\/es\/servicios\/\",\"name\":\"Servicios - CodXHub\",\"isPartOf\":{\"@id\":\"https:\/\/codxhub.eu\/es\/#website\"},\"primaryImageOfPage\":{\"@id\":\"https:\/\/codxhub.eu\/es\/servicios\/#primaryimage\"},\"image\":{\"@id\":\"https:\/\/codxhub.eu\/es\/servicios\/#primaryimage\"},\"thumbnailUrl\":\"https:\/\/codxhub.eu\/wp-content\/uploads\/2024\/02\/service_box_4-1.svg\",\"datePublished\":\"2024-02-04T09:09:26+00:00\",\"dateModified\":\"2025-02-04T00:17:56+00:00\",\"description\":\"Nuestro objetivo es proporcionarte soluciones innovadoras a medida para optimizar tus procesos de negocio, acelerar tu crecimiento y garantizar resultados reales y duraderos.\",\"breadcrumb\":{\"@id\":\"https:\/\/codxhub.eu\/es\/servicios\/#breadcrumb\"},\"inLanguage\":\"es\",\"potentialAction\":[{\"@type\":\"ReadAction\",\"target\":[\"https:\/\/codxhub.eu\/es\/servicios\/\"]}]},{\"@type\":\"ImageObject\",\"inLanguage\":\"es\",\"@id\":\"https:\/\/codxhub.eu\/es\/servicios\/#primaryimage\",\"url\":\"https:\/\/codxhub.eu\/wp-content\/uploads\/2024\/02\/service_box_4-1.svg\",\"contentUrl\":\"https:\/\/codxhub.eu\/wp-content\/uploads\/2024\/02\/service_box_4-1.svg\"},{\"@type\":\"BreadcrumbList\",\"@id\":\"https:\/\/codxhub.eu\/es\/servicios\/#breadcrumb\",\"itemListElement\":[{\"@type\":\"ListItem\",\"position\":1,\"name\":\"Home\",\"item\":\"https:\/\/codxhub.eu\/es\/\"},{\"@type\":\"ListItem\",\"position\":2,\"name\":\"Servicios\"}]},{\"@type\":\"WebSite\",\"@id\":\"https:\/\/codxhub.eu\/es\/#website\",\"url\":\"https:\/\/codxhub.eu\/es\/\",\"name\":\"Cod x Hub\",\"description\":\"Development, Management, and Marketing &amp; Communication\",\"publisher\":{\"@id\":\"https:\/\/codxhub.eu\/es\/#organization\"},\"potentialAction\":[{\"@type\":\"SearchAction\",\"target\":{\"@type\":\"EntryPoint\",\"urlTemplate\":\"https:\/\/codxhub.eu\/es\/?s={search_term_string}\"},\"query-input\":\"required name=search_term_string\"}],\"inLanguage\":\"es\"},{\"@type\":\"Organization\",\"@id\":\"https:\/\/codxhub.eu\/es\/#organization\",\"name\":\"Cod x Hub\",\"url\":\"https:\/\/codxhub.eu\/es\/\",\"logo\":{\"@type\":\"ImageObject\",\"inLanguage\":\"es\",\"@id\":\"https:\/\/codxhub.eu\/es\/#\/schema\/logo\/image\/\",\"url\":\"https:\/\/codxhub.eu\/wp-content\/uploads\/2024\/10\/logo-x-grey.png\",\"contentUrl\":\"https:\/\/codxhub.eu\/wp-content\/uploads\/2024\/10\/logo-x-grey.png\",\"width\":144,\"height\":160,\"caption\":\"Cod x Hub\"},\"image\":{\"@id\":\"https:\/\/codxhub.eu\/es\/#\/schema\/logo\/image\/\"},\"sameAs\":[\"https:\/\/www.linkedin.com\/company\/codx-hub-solutions\/\"]}]}<\/script>\n<!-- \/ Yoast SEO plugin. -->","yoast_head_json":{"title":"Servicios - CodXHub","description":"Nuestro objetivo es proporcionarte soluciones innovadoras a medida para optimizar tus procesos de negocio, acelerar tu crecimiento y garantizar resultados reales y duraderos.","robots":{"index":"index","follow":"follow","max-snippet":"max-snippet:-1","max-image-preview":"max-image-preview:large","max-video-preview":"max-video-preview:-1"},"canonical":"https:\/\/codxhub.eu\/es\/servicios\/","og_locale":"es_ES","og_type":"article","og_title":"Servicios - CodXHub","og_description":"Nuestro objetivo es proporcionarte soluciones innovadoras a medida para optimizar tus procesos de negocio, acelerar tu crecimiento y garantizar resultados reales y duraderos.","og_url":"https:\/\/codxhub.eu\/es\/servicios\/","og_site_name":"CodXHub","article_modified_time":"2025-02-04T00:17:56+00:00","og_image":[{"url":"https:\/\/codxhub.eu\/wp-content\/uploads\/2024\/02\/service_box_4-1.svg"}],"twitter_card":"summary_large_image","twitter_misc":{"Tiempo de lectura":"4 minutos"},"schema":{"@context":"https:\/\/schema.org","@graph":[{"@type":"WebPage","@id":"https:\/\/codxhub.eu\/es\/servicios\/","url":"https:\/\/codxhub.eu\/es\/servicios\/","name":"Servicios - CodXHub","isPartOf":{"@id":"https:\/\/codxhub.eu\/es\/#website"},"primaryImageOfPage":{"@id":"https:\/\/codxhub.eu\/es\/servicios\/#primaryimage"},"image":{"@id":"https:\/\/codxhub.eu\/es\/servicios\/#primaryimage"},"thumbnailUrl":"https:\/\/codxhub.eu\/wp-content\/uploads\/2024\/02\/service_box_4-1.svg","datePublished":"2024-02-04T09:09:26+00:00","dateModified":"2025-02-04T00:17:56+00:00","description":"Nuestro objetivo es proporcionarte soluciones innovadoras a medida para optimizar tus procesos de negocio, acelerar tu crecimiento y garantizar resultados reales y duraderos.","breadcrumb":{"@id":"https:\/\/codxhub.eu\/es\/servicios\/#breadcrumb"},"inLanguage":"es","potentialAction":[{"@type":"ReadAction","target":["https:\/\/codxhub.eu\/es\/servicios\/"]}]},{"@type":"ImageObject","inLanguage":"es","@id":"https:\/\/codxhub.eu\/es\/servicios\/#primaryimage","url":"https:\/\/codxhub.eu\/wp-content\/uploads\/2024\/02\/service_box_4-1.svg","contentUrl":"https:\/\/codxhub.eu\/wp-content\/uploads\/2024\/02\/service_box_4-1.svg"},{"@type":"BreadcrumbList","@id":"https:\/\/codxhub.eu\/es\/servicios\/#breadcrumb","itemListElement":[{"@type":"ListItem","position":1,"name":"Home","item":"https:\/\/codxhub.eu\/es\/"},{"@type":"ListItem","position":2,"name":"Servicios"}]},{"@type":"WebSite","@id":"https:\/\/codxhub.eu\/es\/#website","url":"https:\/\/codxhub.eu\/es\/","name":"Cod x Hub","description":"Development, Management, and Marketing &amp; Communication","publisher":{"@id":"https:\/\/codxhub.eu\/es\/#organization"},"potentialAction":[{"@type":"SearchAction","target":{"@type":"EntryPoint","urlTemplate":"https:\/\/codxhub.eu\/es\/?s={search_term_string}"},"query-input":"required name=search_term_string"}],"inLanguage":"es"},{"@type":"Organization","@id":"https:\/\/codxhub.eu\/es\/#organization","name":"Cod x Hub","url":"https:\/\/codxhub.eu\/es\/","logo":{"@type":"ImageObject","inLanguage":"es","@id":"https:\/\/codxhub.eu\/es\/#\/schema\/logo\/image\/","url":"https:\/\/codxhub.eu\/wp-content\/uploads\/2024\/10\/logo-x-grey.png","contentUrl":"https:\/\/codxhub.eu\/wp-content\/uploads\/2024\/10\/logo-x-grey.png","width":144,"height":160,"caption":"Cod x Hub"},"image":{"@id":"https:\/\/codxhub.eu\/es\/#\/schema\/logo\/image\/"},"sameAs":["https:\/\/www.linkedin.com\/company\/codx-hub-solutions\/"]}]}},"jetpack_sharing_enabled":true,"_links":{"self":[{"href":"https:\/\/codxhub.eu\/es\/wp-json\/wp\/v2\/pages\/10453"}],"collection":[{"href":"https:\/\/codxhub.eu\/es\/wp-json\/wp\/v2\/pages"}],"about":[{"href":"https:\/\/codxhub.eu\/es\/wp-json\/wp\/v2\/types\/page"}],"author":[{"embeddable":true,"href":"https:\/\/codxhub.eu\/es\/wp-json\/wp\/v2\/users\/1"}],"replies":[{"embeddable":true,"href":"https:\/\/codxhub.eu\/es\/wp-json\/wp\/v2\/comments?post=10453"}],"version-history":[{"count":14,"href":"https:\/\/codxhub.eu\/es\/wp-json\/wp\/v2\/pages\/10453\/revisions"}],"predecessor-version":[{"id":10688,"href":"https:\/\/codxhub.eu\/es\/wp-json\/wp\/v2\/pages\/10453\/revisions\/10688"}],"wp:attachment":[{"href":"https:\/\/codxhub.eu\/es\/wp-json\/wp\/v2\/media?parent=10453"}],"curies":[{"name":"wp","href":"https:\/\/api.w.org\/{rel}","templated":true}]}}